{"id":1859,"date":"2018-05-09T12:34:04","date_gmt":"2018-05-09T11:34:04","guid":{"rendered":"http:\/\/nordster.netshop\/?page_id=1859"},"modified":"2018-05-09T12:34:04","modified_gmt":"2018-05-09T11:34:04","slug":"dostava","status":"publish","type":"page","link":"https:\/\/www.nordster.net\/sl\/dostava\/","title":{"rendered":"Dostava"},"content":{"rendered":"","protected":false},"excerpt":{"rendered":"","protected":false},"author":1,"featured_media":0,"parent":0,"menu_order":0,"comment_status":"closed","ping_status":"closed","template":"","meta":{"_monsterinsights_skip_tracking":false,"_monsterinsights_sitenote_active":false,"_monsterinsights_sitenote_note":"","_monsterinsights_sitenote_category":0,"iawp_total_views":0,"footnotes":""},"class_list":["post-1859","page","type-page","status-publish","hentry"],"yoast_head":"<!-- This site is optimized with the Yoast SEO plugin v23.5 - https:\/\/yoast.com\/wordpress\/plugins\/seo\/ -->\n<title>Dostava - nordster. a slice of life<\/title>\n<meta name=\"robots\" content=\"index, follow, max-snippet:-1, max-image-preview:large, max-video-preview:-1\" \/>\n<link rel=\"canonical\" href=\"https:\/\/www.nordster.net\/sl\/dostava\/\" \/>\n<meta property=\"og:locale\" content=\"sl_SI\" \/>\n<meta property=\"og:type\" content=\"article\" \/>\n<meta property=\"og:title\" content=\"Dostava - nordster. a slice of life\" \/>\n<meta property=\"og:url\" content=\"https:\/\/www.nordster.net\/sl\/dostava\/\" \/>\n<meta property=\"og:site_name\" content=\"nordster. a slice of life\" \/>\n<meta name=\"twitter:card\" content=\"summary_large_image\" \/>\n<script type=\"application\/ld+json\" class=\"yoast-schema-graph\">{\"@context\":\"https:\/\/schema.org\",\"@graph\":[{\"@type\":\"WebPage\",\"@id\":\"https:\/\/www.nordster.net\/sl\/dostava\/\",\"url\":\"https:\/\/www.nordster.net\/sl\/dostava\/\",\"name\":\"Dostava - nordster. a slice of life\",\"isPartOf\":{\"@id\":\"https:\/\/www.nordster.net\/sl\/#website\"},\"datePublished\":\"2018-05-09T11:34:04+00:00\",\"dateModified\":\"2018-05-09T11:34:04+00:00\",\"breadcrumb\":{\"@id\":\"https:\/\/www.nordster.net\/sl\/dostava\/#breadcrumb\"},\"inLanguage\":\"sl-SI\",\"potentialAction\":[{\"@type\":\"ReadAction\",\"target\":[\"https:\/\/www.nordster.net\/sl\/dostava\/\"]}]},{\"@type\":\"BreadcrumbList\",\"@id\":\"https:\/\/www.nordster.net\/sl\/dostava\/#breadcrumb\",\"itemListElement\":[{\"@type\":\"ListItem\",\"position\":1,\"name\":\"Home\",\"item\":\"https:\/\/www.nordster.net\/sl\/\"},{\"@type\":\"ListItem\",\"position\":2,\"name\":\"Dostava\"}]},{\"@type\":\"WebSite\",\"@id\":\"https:\/\/www.nordster.net\/sl\/#website\",\"url\":\"https:\/\/www.nordster.net\/sl\/\",\"name\":\"nordster. a slice of life\",\"description\":\"Majhen \u017eivljenjski sopotnik, ki utele\u0161a polnost na\u0161ega \u017eivljenja.\",\"potentialAction\":[{\"@type\":\"SearchAction\",\"target\":{\"@type\":\"EntryPoint\",\"urlTemplate\":\"https:\/\/www.nordster.net\/sl\/?s={search_term_string}\"},\"query-input\":{\"@type\":\"PropertyValueSpecification\",\"valueRequired\":true,\"valueName\":\"search_term_string\"}}],\"inLanguage\":\"sl-SI\"}]}<\/script>\n<!-- \/ Yoast SEO plugin. -->","yoast_head_json":{"title":"Dostava - nordster. a slice of life","robots":{"index":"index","follow":"follow","max-snippet":"max-snippet:-1","max-image-preview":"max-image-preview:large","max-video-preview":"max-video-preview:-1"},"canonical":"https:\/\/www.nordster.net\/sl\/dostava\/","og_locale":"sl_SI","og_type":"article","og_title":"Dostava - nordster. a slice of life","og_url":"https:\/\/www.nordster.net\/sl\/dostava\/","og_site_name":"nordster. a slice of life","twitter_card":"summary_large_image","schema":{"@context":"https:\/\/schema.org","@graph":[{"@type":"WebPage","@id":"https:\/\/www.nordster.net\/sl\/dostava\/","url":"https:\/\/www.nordster.net\/sl\/dostava\/","name":"Dostava - nordster. a slice of life","isPartOf":{"@id":"https:\/\/www.nordster.net\/sl\/#website"},"datePublished":"2018-05-09T11:34:04+00:00","dateModified":"2018-05-09T11:34:04+00:00","breadcrumb":{"@id":"https:\/\/www.nordster.net\/sl\/dostava\/#breadcrumb"},"inLanguage":"sl-SI","potentialAction":[{"@type":"ReadAction","target":["https:\/\/www.nordster.net\/sl\/dostava\/"]}]},{"@type":"BreadcrumbList","@id":"https:\/\/www.nordster.net\/sl\/dostava\/#breadcrumb","itemListElement":[{"@type":"ListItem","position":1,"name":"Home","item":"https:\/\/www.nordster.net\/sl\/"},{"@type":"ListItem","position":2,"name":"Dostava"}]},{"@type":"WebSite","@id":"https:\/\/www.nordster.net\/sl\/#website","url":"https:\/\/www.nordster.net\/sl\/","name":"nordster. a slice of life","description":"Majhen \u017eivljenjski sopotnik, ki utele\u0161a polnost na\u0161ega \u017eivljenja.","potentialAction":[{"@type":"SearchAction","target":{"@type":"EntryPoint","urlTemplate":"https:\/\/www.nordster.net\/sl\/?s={search_term_string}"},"query-input":{"@type":"PropertyValueSpecification","valueRequired":true,"valueName":"search_term_string"}}],"inLanguage":"sl-SI"}]}},"_links":{"self":[{"href":"https:\/\/www.nordster.net\/sl\/wp-json\/wp\/v2\/pages\/1859"}],"collection":[{"href":"https:\/\/www.nordster.net\/sl\/wp-json\/wp\/v2\/pages"}],"about":[{"href":"https:\/\/www.nordster.net\/sl\/wp-json\/wp\/v2\/types\/page"}],"author":[{"embeddable":true,"href":"https:\/\/www.nordster.net\/sl\/wp-json\/wp\/v2\/users\/1"}],"replies":[{"embeddable":true,"href":"https:\/\/www.nordster.net\/sl\/wp-json\/wp\/v2\/comments?post=1859"}],"version-history":[{"count":1,"href":"https:\/\/www.nordster.net\/sl\/wp-json\/wp\/v2\/pages\/1859\/revisions"}],"predecessor-version":[{"id":1860,"href":"https:\/\/www.nordster.net\/sl\/wp-json\/wp\/v2\/pages\/1859\/revisions\/1860"}],"wp:attachment":[{"href":"https:\/\/www.nordster.net\/sl\/wp-json\/wp\/v2\/media?parent=1859"}],"curies":[{"name":"wp","href":"https:\/\/api.w.org\/{rel}","templated":true}]}}