{"id":1941,"date":"2018-05-09T22:37:15","date_gmt":"2018-05-09T21:37:15","guid":{"rendered":"http:\/\/nordster.netshop\/?page_id=1941"},"modified":"2018-05-14T13:06:29","modified_gmt":"2018-05-14T11:06:29","slug":"uporaba-piskotkov","status":"publish","type":"page","link":"https:\/\/www.nordster.net\/sl\/uporaba-piskotkov\/","title":{"rendered":"Uporaba pi\u0161kotkov"},"content":{"rendered":"<h2><strong>Pravna obvestila<\/strong><\/h2>\n<p>Vse vsebine, objavljene na nordster.net, so last blagovne znamke nordster, in se lahko uporabljajo le v nekomercialne namene. Brez dovoljenja Toma\u017ea Kozamernika s.p,, se jih ne sme kopirati, razmno\u017eevati ali distribuirati na kakr\u0161en koli drug na\u010din. Toma\u017e Kozamernik s.p. ni odgovorna za morebitne ob\u010dasne te\u017eave pri delovanju spletne strani nordster.net, morebitno neto\u010dnost informacij in tudi ne za morebitno \u0161kodo, nastalo zaradi uporabe neto\u010dnih ali nepopolnih informacij. Toma\u017e Kozamernik s.p. si pridr\u017euje pravico do sprememb vsebin, objavljenih na spletni strani\u00a0nordster.net.<\/p>\n<p>Va\u0161e podatke bomo uporabili izklju\u010dno za namene obve\u0161\u010danja o na\u0161ih seminarjih\/dogodkih ter za obvestila, povezana z na\u0161o dejavnostjo, in javnosti ne bodo dostopni. Zbrane osebne podatke bomo varovali v skladu z ZVOP-1.<\/p>\n<p>Spletna stran\u00a0nordster.net\u00a0za delovanje strani uporablja pi\u0161kotke, ki ne hranijo osebnih podatkov, spremljajo pa va\u0161e aktivnosti in zanimanje z namenom zagotavljanja bolj\u0161e uporabni\u0161ke izku\u0161nje. Z uporabo spletne strani obiskovalci sogla\u0161ajo z njihovo uporabo.<\/p>\n<h2><strong>O pi\u0161kotkih<\/strong><\/h2>\n<p>Pi\u0161kotki niso ni\u010d novega, vsi obiskovalci spletnih strani imamo na svojih ra\u010dunalnikih, tablicah, mobitelih shranjenih \u017ee veliko pi\u0161kotkov z razli\u010dnih spletnih strani. Novo je zgolj to, da je z novo zakonodajo (ZEKom-1) pri\u0161lo do sprememb glede obve\u0161\u010danja oz. sogla\u0161anja obiskovalcev z njihovo uporabo.<\/p>\n<p><strong>Kaj so pi\u0161kotki?<\/strong><\/p>\n<p>So male besedilne datoteke, ki jih ve\u010dina spletnih mest shrani v naprave, s katerimi uporabniki dostopajo do interneta z namenom prepoznavanja posameznih naprav, ki so jih uporabniki uporabili pri dostopu. Njihovo shranjevanje je pod popolnim nadzorom brskalnika, ki ga ima uporabnik \u2013 ta lahko shranjevanje pi\u0161kotkov po \u017eelji omeji ali onemogo\u010di. Pi\u0161kotki niso \u0161kodljivi in so vedno \u010dasovno omejeni.<\/p>\n<p><strong>Zakaj so pi\u0161kotki potrebni?<\/strong><\/p>\n<p>So temeljnega pomena za zagotavljanje uporabniku prijaznih spletnih storitev. Interakcija med spletnim uporabnikom in spletnim mestom je s pomo\u010djo pi\u0161kotkov hitrej\u0161a in enostavnej\u0161a. Z njihovo pomo\u010djo si spletno mesto zapomni posameznikove preference in izku\u0161nje, s tem je prihranjen \u010das, brskanje po spletnih mestih pa bolj u\u010dinkovito in prijazno.<\/p>\n<p><strong>Nekaj konkretnih primerov uporabe pi\u0161kotkov:<\/strong><\/p>\n<ul>\n<li>za bolj\u0161o uporabni\u0161ko izku\u0161njo spletne strani obiskovalcem prilagodimo prikaz vsebine glede na pretekle obiske,<\/li>\n<li>za shranjevanje izbire pri ustvarjanju o\u017ejega izbora naprav in ponudbe ter njihove primerjave,<\/li>\n<li>na delih spletnih mestih, kjer je potrebna prijava, vas ohranimo prijavljene,<\/li>\n<li>za prepoznavanje va\u0161e naprave (ra\u010dunalnik, tablica, mobitel), ki omogo\u010da prilagajanje prikaza vsebine va\u0161i napravi,<\/li>\n<li>za spremljanje obiska, kar omogo\u010da preverjanje u\u010dinkovitosti prikaza vsebin in ustreznosti oglasov ter stalno izbolj\u0161avo spletnih strani,<\/li>\n<li>za delovanje dolo\u010denih storitev so nujni (npr. spletne banke, spletne trgovine in druge oblike e-poslovanja).<\/li>\n<\/ul>\n<p><strong>Pi\u0161kotki spletnega mesta<br \/>\n<\/strong><\/p>\n<div class=\"table-1\">\n<table width=\"100%\">\n<thead>\n<tr>\n<th>Ime pi\u0161kotka<\/th>\n<th>Namen<\/th>\n<th>Trajanje pi\u0161kotka<\/th>\n<th>Podjetje<\/th>\n<\/tr>\n<\/thead>\n<tbody>\n<tr>\n<td>_ga<\/td>\n<td>Uporablja se za razlikovanje uporabnikov<\/td>\n<td>2 leti<\/td>\n<td>Google Inc.<\/td>\n<\/tr>\n<tr>\n<td>_mauuid<\/td>\n<td>Uporablja se za razlikovanje uporabnikov<\/td>\n<td>10 let<\/td>\n<td>Net-Results<\/td>\n<\/tr>\n<tr>\n<td>viewed_cookie_policy<\/td>\n<td>Uporablja se za\u00a0hranjenje informacije o tem, ali je obiskovalec videl obvestilo o pi\u0161kotkih<\/td>\n<td>1 leto<\/td>\n<td><\/td>\n<\/tr>\n<\/tbody>\n<\/table>\n<\/div>\n","protected":false},"excerpt":{"rendered":"<p>Pravna obvestila Vse vsebine, objavljene na nordster.net, so last blagovne znamke nordster, in se lahko uporabljajo le v nekomercialne namene.<\/p>\n","protected":false},"author":1,"featured_media":0,"parent":0,"menu_order":0,"comment_status":"closed","ping_status":"closed","template":"","meta":{"_monsterinsights_skip_tracking":false,"_monsterinsights_sitenote_active":false,"_monsterinsights_sitenote_note":"","_monsterinsights_sitenote_category":0,"iawp_total_views":0,"footnotes":""},"class_list":["post-1941","page","type-page","status-publish","hentry"],"yoast_head":"<!-- This site is optimized with the Yoast SEO plugin v23.5 - https:\/\/yoast.com\/wordpress\/plugins\/seo\/ -->\n<title>Uporaba pi\u0161kotkov - nordster. a slice of life<\/title>\n<meta name=\"robots\" content=\"index, follow, max-snippet:-1, max-image-preview:large, max-video-preview:-1\" \/>\n<link rel=\"canonical\" href=\"https:\/\/www.nordster.net\/sl\/uporaba-piskotkov\/\" \/>\n<meta property=\"og:locale\" content=\"sl_SI\" \/>\n<meta property=\"og:type\" content=\"article\" \/>\n<meta property=\"og:title\" content=\"Uporaba pi\u0161kotkov - nordster. a slice of life\" \/>\n<meta property=\"og:description\" content=\"Pravna obvestila Vse vsebine, objavljene na nordster.net, so last blagovne znamke nordster, in se lahko uporabljajo le v nekomercialne namene.\" \/>\n<meta property=\"og:url\" content=\"https:\/\/www.nordster.net\/sl\/uporaba-piskotkov\/\" \/>\n<meta property=\"og:site_name\" content=\"nordster. a slice of life\" \/>\n<meta property=\"article:modified_time\" content=\"2018-05-14T11:06:29+00:00\" \/>\n<meta name=\"twitter:card\" content=\"summary_large_image\" \/>\n<meta name=\"twitter:label1\" content=\"Est. reading time\" \/>\n\t<meta name=\"twitter:data1\" content=\"3 minute\" \/>\n<script type=\"application\/ld+json\" class=\"yoast-schema-graph\">{\"@context\":\"https:\/\/schema.org\",\"@graph\":[{\"@type\":\"WebPage\",\"@id\":\"https:\/\/www.nordster.net\/sl\/uporaba-piskotkov\/\",\"url\":\"https:\/\/www.nordster.net\/sl\/uporaba-piskotkov\/\",\"name\":\"Uporaba pi\u0161kotkov - nordster. a slice of life\",\"isPartOf\":{\"@id\":\"https:\/\/www.nordster.net\/sl\/#website\"},\"datePublished\":\"2018-05-09T21:37:15+00:00\",\"dateModified\":\"2018-05-14T11:06:29+00:00\",\"breadcrumb\":{\"@id\":\"https:\/\/www.nordster.net\/sl\/uporaba-piskotkov\/#breadcrumb\"},\"inLanguage\":\"sl-SI\",\"potentialAction\":[{\"@type\":\"ReadAction\",\"target\":[\"https:\/\/www.nordster.net\/sl\/uporaba-piskotkov\/\"]}]},{\"@type\":\"BreadcrumbList\",\"@id\":\"https:\/\/www.nordster.net\/sl\/uporaba-piskotkov\/#breadcrumb\",\"itemListElement\":[{\"@type\":\"ListItem\",\"position\":1,\"name\":\"Home\",\"item\":\"https:\/\/www.nordster.net\/sl\/\"},{\"@type\":\"ListItem\",\"position\":2,\"name\":\"Uporaba pi\u0161kotkov\"}]},{\"@type\":\"WebSite\",\"@id\":\"https:\/\/www.nordster.net\/sl\/#website\",\"url\":\"https:\/\/www.nordster.net\/sl\/\",\"name\":\"nordster. a slice of life\",\"description\":\"Majhen \u017eivljenjski sopotnik, ki utele\u0161a polnost na\u0161ega \u017eivljenja.\",\"potentialAction\":[{\"@type\":\"SearchAction\",\"target\":{\"@type\":\"EntryPoint\",\"urlTemplate\":\"https:\/\/www.nordster.net\/sl\/?s={search_term_string}\"},\"query-input\":{\"@type\":\"PropertyValueSpecification\",\"valueRequired\":true,\"valueName\":\"search_term_string\"}}],\"inLanguage\":\"sl-SI\"}]}<\/script>\n<!-- \/ Yoast SEO plugin. -->","yoast_head_json":{"title":"Uporaba pi\u0161kotkov - nordster. a slice of life","robots":{"index":"index","follow":"follow","max-snippet":"max-snippet:-1","max-image-preview":"max-image-preview:large","max-video-preview":"max-video-preview:-1"},"canonical":"https:\/\/www.nordster.net\/sl\/uporaba-piskotkov\/","og_locale":"sl_SI","og_type":"article","og_title":"Uporaba pi\u0161kotkov - nordster. a slice of life","og_description":"Pravna obvestila Vse vsebine, objavljene na nordster.net, so last blagovne znamke nordster, in se lahko uporabljajo le v nekomercialne namene.","og_url":"https:\/\/www.nordster.net\/sl\/uporaba-piskotkov\/","og_site_name":"nordster. a slice of life","article_modified_time":"2018-05-14T11:06:29+00:00","twitter_card":"summary_large_image","twitter_misc":{"Est. reading time":"3 minute"},"schema":{"@context":"https:\/\/schema.org","@graph":[{"@type":"WebPage","@id":"https:\/\/www.nordster.net\/sl\/uporaba-piskotkov\/","url":"https:\/\/www.nordster.net\/sl\/uporaba-piskotkov\/","name":"Uporaba pi\u0161kotkov - nordster. a slice of life","isPartOf":{"@id":"https:\/\/www.nordster.net\/sl\/#website"},"datePublished":"2018-05-09T21:37:15+00:00","dateModified":"2018-05-14T11:06:29+00:00","breadcrumb":{"@id":"https:\/\/www.nordster.net\/sl\/uporaba-piskotkov\/#breadcrumb"},"inLanguage":"sl-SI","potentialAction":[{"@type":"ReadAction","target":["https:\/\/www.nordster.net\/sl\/uporaba-piskotkov\/"]}]},{"@type":"BreadcrumbList","@id":"https:\/\/www.nordster.net\/sl\/uporaba-piskotkov\/#breadcrumb","itemListElement":[{"@type":"ListItem","position":1,"name":"Home","item":"https:\/\/www.nordster.net\/sl\/"},{"@type":"ListItem","position":2,"name":"Uporaba pi\u0161kotkov"}]},{"@type":"WebSite","@id":"https:\/\/www.nordster.net\/sl\/#website","url":"https:\/\/www.nordster.net\/sl\/","name":"nordster. a slice of life","description":"Majhen \u017eivljenjski sopotnik, ki utele\u0161a polnost na\u0161ega \u017eivljenja.","potentialAction":[{"@type":"SearchAction","target":{"@type":"EntryPoint","urlTemplate":"https:\/\/www.nordster.net\/sl\/?s={search_term_string}"},"query-input":{"@type":"PropertyValueSpecification","valueRequired":true,"valueName":"search_term_string"}}],"inLanguage":"sl-SI"}]}},"_links":{"self":[{"href":"https:\/\/www.nordster.net\/sl\/wp-json\/wp\/v2\/pages\/1941"}],"collection":[{"href":"https:\/\/www.nordster.net\/sl\/wp-json\/wp\/v2\/pages"}],"about":[{"href":"https:\/\/www.nordster.net\/sl\/wp-json\/wp\/v2\/types\/page"}],"author":[{"embeddable":true,"href":"https:\/\/www.nordster.net\/sl\/wp-json\/wp\/v2\/users\/1"}],"replies":[{"embeddable":true,"href":"https:\/\/www.nordster.net\/sl\/wp-json\/wp\/v2\/comments?post=1941"}],"version-history":[{"count":2,"href":"https:\/\/www.nordster.net\/sl\/wp-json\/wp\/v2\/pages\/1941\/revisions"}],"predecessor-version":[{"id":2045,"href":"https:\/\/www.nordster.net\/sl\/wp-json\/wp\/v2\/pages\/1941\/revisions\/2045"}],"wp:attachment":[{"href":"https:\/\/www.nordster.net\/sl\/wp-json\/wp\/v2\/media?parent=1941"}],"curies":[{"name":"wp","href":"https:\/\/api.w.org\/{rel}","templated":true}]}}