{"id":2090,"date":"2018-07-20T15:04:35","date_gmt":"2018-07-20T13:04:35","guid":{"rendered":"http:\/\/nordster.net\/?post_type=product&#038;p=2090"},"modified":"2022-07-18T09:03:19","modified_gmt":"2022-07-18T07:03:19","slug":"ogrlica-z-obeskom-motokrosist","status":"publish","type":"product","link":"https:\/\/www.nordster.net\/sl\/izdelek\/ogrlica-z-obeskom-motokrosist\/","title":{"rendered":"Ogrlica z obeskom Motokrosist"},"content":{"rendered":"<div class=\"wpb-content-wrapper\"><p>[vc_row gap=&#8221;15&#8243; content_placement=&#8221;top&#8221;][vc_column width=&#8221;1\/2&#8243;]<div id=\"ultimate-heading-394769e16fb1addec\" class=\"uvc-heading ult-adjust-bottom-margin ultimate-heading-394769e16fb1addec uvc-8738 \" data-hspacer=\"no_spacer\"  data-halign=\"left\" style=\"text-align:left\"><div class=\"uvc-heading-spacer no_spacer\" style=\"top\"><\/div><div class=\"uvc-main-heading ult-responsive\"  data-ultimate-target='.uvc-heading.ultimate-heading-394769e16fb1addec h2'  data-responsive-json-new='{\"font-size\":\"\",\"line-height\":\"\"}' ><h2 style=\"font-weight:bold;color:#3a61a6;margin-bottom:25px;\">Ogrlica z obeskom, motiv Motokrosista v vo\u017enji<\/h2><\/div><\/div>[vc_column_text]Navdahnjen s preprostostjo in lepoto simbolov, je nordster nakit primeren za vsakega \u0161portnega navdu\u0161enca z dobrim okusom. In prepri\u010dani smo, da kot nakita postane poseben, ki mu dodamo zgodbo. Simbol poskrbimo mi, zgodba pa je va\u0161a.[\/vc_column_text][vc_column_text]Nakit v podobi motokrosista v gibanju.<\/p>\n<p>Obesek je izdelan iz nerjave\u010dega jekla, s premerom 28mm in debeline 2,5mm. Gumijasta vrvica debeline 2mm in v dol\u017eini 45 cm, z zaponko.[\/vc_column_text][\/vc_column][vc_column width=&#8221;1\/2&#8243; css=&#8221;.vc_custom_1490694541710{padding-top: 0px !important;}&#8221;]<div id=\"ultimate-heading-284769e16fb1ade5e\" class=\"uvc-heading ult-adjust-bottom-margin ultimate-heading-284769e16fb1ade5e uvc-7911 \" data-hspacer=\"no_spacer\"  data-halign=\"left\" style=\"text-align:left\"><div class=\"uvc-heading-spacer no_spacer\" style=\"top\"><\/div><div class=\"uvc-main-heading ult-responsive\"  data-ultimate-target='.uvc-heading.ultimate-heading-284769e16fb1ade5e h2'  data-responsive-json-new='{\"font-size\":\"\",\"line-height\":\"\"}' ><h2 style=\"font-weight:bold;color:#c65f63;margin-bottom:25px;\">Lastnosti<\/h2><\/div><\/div>[vc_column_text]<\/p>\n<ul>\n<li>Laserski izrez<\/li>\n<li>Obesek iz nerjave\u010dega jekla,\u00a0Inox 304<\/li>\n<li>Premer obeska 27 mm, debelina 2,5 mm<\/li>\n<li>Dol\u017eina vrvice 45 cm<\/li>\n<li>Material vrvice: guma<\/li>\n<\/ul>\n<p>[\/vc_column_text][vc_empty_space height=&#8221;22px&#8221;][vc_column_text]<\/p>\n<ul>\n<li>Zasnovano v Sloveniji<\/li>\n<li>Izdelano na Gorenjskem<\/li>\n<li>Ro\u010dno obdelano in pakirano<\/li>\n<li>Dostopno vsem navdu\u0161encem<\/li>\n<\/ul>\n<p>[\/vc_column_text][\/vc_column][\/vc_row]<\/p>\n<\/div>","protected":false},"excerpt":{"rendered":"<p>Nakit v podobi motokrosista v vo\u017enji.<\/p>\n<p>Obesek je izdelan iz nerjave\u010dega jekla, s premerom 28mm in debeline 2,5mm. Gumijasta vrvica debeline 2mm in v dol\u017eini 45 cm, z zaponko.<\/p>\n","protected":false},"featured_media":2091,"comment_status":"open","ping_status":"closed","template":"","meta":{"_monsterinsights_skip_tracking":false,"_monsterinsights_sitenote_active":false,"_monsterinsights_sitenote_note":"","_monsterinsights_sitenote_category":0,"iawp_total_views":1},"product_cat":[15,70],"product_tag":[],"class_list":{"0":"post-2090","1":"product","2":"type-product","3":"status-publish","4":"has-post-thumbnail","6":"product_cat-nordster","7":"product_cat-sopotnik","9":"first","10":"outofstock","11":"featured","12":"shipping-taxable","13":"purchasable","14":"product-type-simple"},"yoast_head":"<!-- This site is optimized with the Yoast SEO plugin v23.5 - https:\/\/yoast.com\/wordpress\/plugins\/seo\/ -->\n<title>Ogrlica z obeskom Motokrosist - nordster. a slice of life<\/title>\n<meta name=\"robots\" content=\"index, follow, max-snippet:-1, max-image-preview:large, max-video-preview:-1\" \/>\n<link rel=\"canonical\" href=\"https:\/\/www.nordster.net\/sl\/izdelek\/ogrlica-z-obeskom-motokrosist\/\" \/>\n<meta property=\"og:locale\" content=\"sl_SI\" \/>\n<meta property=\"og:type\" content=\"article\" \/>\n<meta property=\"og:title\" content=\"Ogrlica z obeskom Motokrosist - nordster. a slice of life\" \/>\n<meta property=\"og:description\" content=\"Nakit v podobi motokrosista v vo\u017enji.  Obesek je izdelan iz nerjave\u010dega jekla, s premerom 28mm in debeline 2,5mm. Gumijasta vrvica debeline 2mm in v dol\u017eini 45 cm, z zaponko.\" \/>\n<meta property=\"og:url\" content=\"https:\/\/www.nordster.net\/sl\/izdelek\/ogrlica-z-obeskom-motokrosist\/\" \/>\n<meta property=\"og:site_name\" content=\"nordster. a slice of life\" \/>\n<meta property=\"article:modified_time\" content=\"2022-07-18T07:03:19+00:00\" \/>\n<meta property=\"og:image\" content=\"https:\/\/www.nordster.net\/wp-content\/uploads\/2018\/07\/pedant_motocross_1.jpg\" \/>\n\t<meta property=\"og:image:width\" content=\"1000\" \/>\n\t<meta property=\"og:image:height\" content=\"1000\" \/>\n\t<meta property=\"og:image:type\" content=\"image\/jpeg\" \/>\n<meta name=\"twitter:card\" content=\"summary_large_image\" \/>\n<meta name=\"twitter:label1\" content=\"Est. reading time\" \/>\n\t<meta name=\"twitter:data1\" content=\"1 minuta\" \/>\n<script type=\"application\/ld+json\" class=\"yoast-schema-graph\">{\"@context\":\"https:\/\/schema.org\",\"@graph\":[{\"@type\":\"WebPage\",\"@id\":\"https:\/\/www.nordster.net\/sl\/izdelek\/ogrlica-z-obeskom-motokrosist\/\",\"url\":\"https:\/\/www.nordster.net\/sl\/izdelek\/ogrlica-z-obeskom-motokrosist\/\",\"name\":\"Ogrlica z obeskom Motokrosist - nordster. a slice of life\",\"isPartOf\":{\"@id\":\"https:\/\/www.nordster.net\/sl\/#website\"},\"primaryImageOfPage\":{\"@id\":\"https:\/\/www.nordster.net\/sl\/izdelek\/ogrlica-z-obeskom-motokrosist\/#primaryimage\"},\"image\":{\"@id\":\"https:\/\/www.nordster.net\/sl\/izdelek\/ogrlica-z-obeskom-motokrosist\/#primaryimage\"},\"thumbnailUrl\":\"https:\/\/www.nordster.net\/wp-content\/uploads\/2018\/07\/pedant_motocross_1.jpg\",\"datePublished\":\"2018-07-20T13:04:35+00:00\",\"dateModified\":\"2022-07-18T07:03:19+00:00\",\"breadcrumb\":{\"@id\":\"https:\/\/www.nordster.net\/sl\/izdelek\/ogrlica-z-obeskom-motokrosist\/#breadcrumb\"},\"inLanguage\":\"sl-SI\",\"potentialAction\":[{\"@type\":\"ReadAction\",\"target\":[\"https:\/\/www.nordster.net\/sl\/izdelek\/ogrlica-z-obeskom-motokrosist\/\"]}]},{\"@type\":\"ImageObject\",\"inLanguage\":\"sl-SI\",\"@id\":\"https:\/\/www.nordster.net\/sl\/izdelek\/ogrlica-z-obeskom-motokrosist\/#primaryimage\",\"url\":\"https:\/\/www.nordster.net\/wp-content\/uploads\/2018\/07\/pedant_motocross_1.jpg\",\"contentUrl\":\"https:\/\/www.nordster.net\/wp-content\/uploads\/2018\/07\/pedant_motocross_1.jpg\",\"width\":1000,\"height\":1000},{\"@type\":\"BreadcrumbList\",\"@id\":\"https:\/\/www.nordster.net\/sl\/izdelek\/ogrlica-z-obeskom-motokrosist\/#breadcrumb\",\"itemListElement\":[{\"@type\":\"ListItem\",\"position\":1,\"name\":\"Home\",\"item\":\"https:\/\/www.nordster.net\/sl\/\"},{\"@type\":\"ListItem\",\"position\":2,\"name\":\"Trgovina\",\"item\":\"https:\/\/www.nordster.net\/sl\/trgovina\/\"},{\"@type\":\"ListItem\",\"position\":3,\"name\":\"Ogrlica z obeskom Motokrosist\"}]},{\"@type\":\"WebSite\",\"@id\":\"https:\/\/www.nordster.net\/sl\/#website\",\"url\":\"https:\/\/www.nordster.net\/sl\/\",\"name\":\"nordster. a slice of life\",\"description\":\"Majhen \u017eivljenjski sopotnik, ki utele\u0161a polnost na\u0161ega \u017eivljenja.\",\"potentialAction\":[{\"@type\":\"SearchAction\",\"target\":{\"@type\":\"EntryPoint\",\"urlTemplate\":\"https:\/\/www.nordster.net\/sl\/?s={search_term_string}\"},\"query-input\":{\"@type\":\"PropertyValueSpecification\",\"valueRequired\":true,\"valueName\":\"search_term_string\"}}],\"inLanguage\":\"sl-SI\"}]}<\/script>\n<!-- \/ Yoast SEO plugin. -->","yoast_head_json":{"title":"Ogrlica z obeskom Motokrosist - nordster. a slice of life","robots":{"index":"index","follow":"follow","max-snippet":"max-snippet:-1","max-image-preview":"max-image-preview:large","max-video-preview":"max-video-preview:-1"},"canonical":"https:\/\/www.nordster.net\/sl\/izdelek\/ogrlica-z-obeskom-motokrosist\/","og_locale":"sl_SI","og_type":"article","og_title":"Ogrlica z obeskom Motokrosist - nordster. a slice of life","og_description":"Nakit v podobi motokrosista v vo\u017enji.  Obesek je izdelan iz nerjave\u010dega jekla, s premerom 28mm in debeline 2,5mm. Gumijasta vrvica debeline 2mm in v dol\u017eini 45 cm, z zaponko.","og_url":"https:\/\/www.nordster.net\/sl\/izdelek\/ogrlica-z-obeskom-motokrosist\/","og_site_name":"nordster. a slice of life","article_modified_time":"2022-07-18T07:03:19+00:00","og_image":[{"width":1000,"height":1000,"url":"https:\/\/www.nordster.net\/wp-content\/uploads\/2018\/07\/pedant_motocross_1.jpg","type":"image\/jpeg"}],"twitter_card":"summary_large_image","twitter_misc":{"Est. reading time":"1 minuta"},"schema":{"@context":"https:\/\/schema.org","@graph":[{"@type":"WebPage","@id":"https:\/\/www.nordster.net\/sl\/izdelek\/ogrlica-z-obeskom-motokrosist\/","url":"https:\/\/www.nordster.net\/sl\/izdelek\/ogrlica-z-obeskom-motokrosist\/","name":"Ogrlica z obeskom Motokrosist - nordster. a slice of life","isPartOf":{"@id":"https:\/\/www.nordster.net\/sl\/#website"},"primaryImageOfPage":{"@id":"https:\/\/www.nordster.net\/sl\/izdelek\/ogrlica-z-obeskom-motokrosist\/#primaryimage"},"image":{"@id":"https:\/\/www.nordster.net\/sl\/izdelek\/ogrlica-z-obeskom-motokrosist\/#primaryimage"},"thumbnailUrl":"https:\/\/www.nordster.net\/wp-content\/uploads\/2018\/07\/pedant_motocross_1.jpg","datePublished":"2018-07-20T13:04:35+00:00","dateModified":"2022-07-18T07:03:19+00:00","breadcrumb":{"@id":"https:\/\/www.nordster.net\/sl\/izdelek\/ogrlica-z-obeskom-motokrosist\/#breadcrumb"},"inLanguage":"sl-SI","potentialAction":[{"@type":"ReadAction","target":["https:\/\/www.nordster.net\/sl\/izdelek\/ogrlica-z-obeskom-motokrosist\/"]}]},{"@type":"ImageObject","inLanguage":"sl-SI","@id":"https:\/\/www.nordster.net\/sl\/izdelek\/ogrlica-z-obeskom-motokrosist\/#primaryimage","url":"https:\/\/www.nordster.net\/wp-content\/uploads\/2018\/07\/pedant_motocross_1.jpg","contentUrl":"https:\/\/www.nordster.net\/wp-content\/uploads\/2018\/07\/pedant_motocross_1.jpg","width":1000,"height":1000},{"@type":"BreadcrumbList","@id":"https:\/\/www.nordster.net\/sl\/izdelek\/ogrlica-z-obeskom-motokrosist\/#breadcrumb","itemListElement":[{"@type":"ListItem","position":1,"name":"Home","item":"https:\/\/www.nordster.net\/sl\/"},{"@type":"ListItem","position":2,"name":"Trgovina","item":"https:\/\/www.nordster.net\/sl\/trgovina\/"},{"@type":"ListItem","position":3,"name":"Ogrlica z obeskom Motokrosist"}]},{"@type":"WebSite","@id":"https:\/\/www.nordster.net\/sl\/#website","url":"https:\/\/www.nordster.net\/sl\/","name":"nordster. a slice of life","description":"Majhen \u017eivljenjski sopotnik, ki utele\u0161a polnost na\u0161ega \u017eivljenja.","potentialAction":[{"@type":"SearchAction","target":{"@type":"EntryPoint","urlTemplate":"https:\/\/www.nordster.net\/sl\/?s={search_term_string}"},"query-input":{"@type":"PropertyValueSpecification","valueRequired":true,"valueName":"search_term_string"}}],"inLanguage":"sl-SI"}]}},"_links":{"self":[{"href":"https:\/\/www.nordster.net\/sl\/wp-json\/wp\/v2\/product\/2090"}],"collection":[{"href":"https:\/\/www.nordster.net\/sl\/wp-json\/wp\/v2\/product"}],"about":[{"href":"https:\/\/www.nordster.net\/sl\/wp-json\/wp\/v2\/types\/product"}],"replies":[{"embeddable":true,"href":"https:\/\/www.nordster.net\/sl\/wp-json\/wp\/v2\/comments?post=2090"}],"wp:featuredmedia":[{"embeddable":true,"href":"https:\/\/www.nordster.net\/sl\/wp-json\/wp\/v2\/media\/2091"}],"wp:attachment":[{"href":"https:\/\/www.nordster.net\/sl\/wp-json\/wp\/v2\/media?parent=2090"}],"wp:term":[{"taxonomy":"product_cat","embeddable":true,"href":"https:\/\/www.nordster.net\/sl\/wp-json\/wp\/v2\/product_cat?post=2090"},{"taxonomy":"product_tag","embeddable":true,"href":"https:\/\/www.nordster.net\/sl\/wp-json\/wp\/v2\/product_tag?post=2090"}],"curies":[{"name":"wp","href":"https:\/\/api.w.org\/{rel}","templated":true}]}}